{"id":8,"date":"2018-12-27T14:04:43","date_gmt":"2018-12-27T13:04:43","guid":{"rendered":"https:\/\/kaolackcreations.com\/?page_id=8"},"modified":"2019-11-01T14:35:47","modified_gmt":"2019-11-01T13:35:47","slug":"qui-sommes-nous","status":"publish","type":"page","link":"https:\/\/kaolackcreations.com\/index.php\/qui-sommes-nous\/","title":{"rendered":"Qui sommes nous?"},"content":{"rendered":"<p>L\u2019initiative de l\u2019entreprise Kaolack Cr\u00e9ations s\u2019est prise autour d\u2019une volont\u00e9 farouche de valoriser et r\u00e9habiliter l\u2019artisanat Africain. Nous avons grandi en c\u00f4toyant les tisserands Manjaks au S\u00e9n\u00e9gal et avons d\u00e9couvert que la tradition textile partout en Afrique \u00e9tait extr\u00eamement riche. Du Bogolan au Kent\u00e9 en passant par le Kanv\u00f4, le pagne Baoul\u00e9 et combien d\u2019autres, notre continent regorge de richesses.<br \/>\nNous souhaitons que no<span class=\"text_exposed_show\">s traditions textiles perdurent car c\u2019est un peu de notre histoire. Savez-vous que des arch\u00e9ologues ont retrouv\u00e9 au Mali, dans les falaises de Bandiagara, des \u00e9toffes qui enveloppaient les morts absolument identiques \u00e0 certains indigos que l\u2019on retrouve encore sur les march\u00e9s Maliens ? Ces traditions ne doivent pas dispara\u00eetre et c\u2019est \u00e0 nous de les valoriser. Nous achetons les tissus et produits finis directement aupr\u00e8s des Artisans, sans interm\u00e9diaire, afin de leur permettre de gagner leur vie en pratiquant leur artisanat tout en proposant leurs produits aux clients finaux \u00e0 un prix abordable.<br \/>\nEnfin, nous faisons en sorte que, depuis la production jusqu&rsquo;\u00e0 la livraison en passant par le transport et les supports de communication, des entreprises et artisans Africains soient sollicit\u00e9s.<br \/>\nTransport<br \/>\nLivraison<br \/>\nPhotographie :\u00a0<a class=\"profileLink\" href=\"https:\/\/www.facebook.com\/fred.img.hd?__tn__=K-R&amp;eid=ARBlfdRPZuSl5tHWn7Z5_hIMneGOAJ5pNY_0xuiGWE-Gxx7HkfZc9W6qtMgTrJFivSxbYhjV-RzuHiOw&amp;fref=mentions&amp;__xts__%5B0%5D=68.ARB8D1xVtTK7HgcuZgss3MWaDoAzjDrM5zVEO-voEPpCAH_gAZTdZpGOtUdxx__1VkLnrhh9IxJ5cNmLDLPNhReYlIkVAZ49bnw9DSH3VjegE1DyxvphTZYEaiwqX1pK27IeM0ZEirtKL-celiPSbcekTIOn1wMgKQVh18kbcBqTR-5wvE3CiRAJAcING--4kpFYOGzarK4s7FRYtSzFLL-O_StfyEkyfzxgigT8GVjXphiQFHWV1FJWV90W4tLYvRR6nWEZKMOpKiXiJ5f9iEB7zDkDk7a9pwGNUuh1QxhztFYCMYS1m2bRLftDTC9-3ni2ZANt950t2uQxsDF7D7A\" data-hovercard=\"\/ajax\/hovercard\/user.php?id=100012749764989&amp;extragetparams=%7B%22__tn__%22%3A%22%2CdK-R-R%22%2C%22eid%22%3A%22ARBlfdRPZuSl5tHWn7Z5_hIMneGOAJ5pNY_0xuiGWE-Gxx7HkfZc9W6qtMgTrJFivSxbYhjV-RzuHiOw%22%2C%22fref%22%3A%22mentions%22%7D\" data-hovercard-prefer-more-content-show=\"1\">Fred Img<\/a>\u00a0<a href=\"https:\/\/www.instagram.com\/fred.img\/?fbclid=IwAR3XObzKvWVrCLn2r1GUSIg1WqNW7oWx9h2BrZ4lEIMu9_wustcM_TYsYz4\" target=\"_blank\" rel=\"noopener nofollow\" data-ft=\"{&quot;tn&quot;:&quot;-U&quot;}\" data-lynx-mode=\"async\" data-lynx-uri=\"https:\/\/l.facebook.com\/l.php?u=https%3A%2F%2Fwww.instagram.com%2Ffred.img%2F%3Ffbclid%3DIwAR3XObzKvWVrCLn2r1GUSIg1WqNW7oWx9h2BrZ4lEIMu9_wustcM_TYsYz4&amp;h=AT3qUVxjpJl50jmzG3gv34uhr7kI0f4oiJlxe_9QdMhsEIPCsl4-FeNc2e4l4FUiWXDkenQR4rJcDCvDr0SIYUSvjXL63-FClHakTC-t2M5PMrC_eUN2u8KjCskTkk9pFh4-Oi-PbRyiltX3bQS2Zw1ZIb7J8iX351FZlEvVSl3_pY_8rVbQvkyNVpNOvxdDtZKVXtdiEImrJ9gS4Et45AMUqihRAWVFtpYUW6auQSiIt3m1xSTMUPdGNeOJwNQ8QCtHxUXoQRY8lcP4dWrB0nF0za6RRBwGBFqyfjicuuYlkAgR-f6WuQ6VRjMAQ5Zdna2OMQ6MRaST6jslEbByHgVd9oOxkpQtBU7HhMBjYiRHCeYzCFjsyJNCOUCc2L6RaBlTrGlVS6Fj67vZqRaXS4blqPGu_KwVIN--g7MhRW6nxx2xYa4uQ-OdAWzLjXgn8H9USI9JtnNpZWcm5zymQYBzyWcPlR8SKAIkYHF04W1jcZia8dmZ5DJix6m1H5NUD84H_MiOw50RM0Rf4qQ2rHlDb938Z2GxT_6S1TKqlpg4FzAsyhqBS_2BxK-ZRi-Xr1TGPDr_eloBg3TSbnwhuvUiIkXebt5g6cGJPjpq5WKjQKDDvYQmZbeo0KR8O9E\">https:\/\/www.instagram.com\/fred.img\/<\/a><br \/>\nNotre logo a \u00e9t\u00e9 r\u00e9alis\u00e9 en Afrique par un graphiste Africain.<br \/>\nQui sommes-nous ?<br \/>\nFatimata, cr\u00e9atrice de la plateforme\u00a0<a class=\"profileLink\" href=\"https:\/\/www.facebook.com\/TailleursAfricainsFrance\/?__tn__=K-R&amp;eid=ARBHL7tpY3cvRpMT6Qz-q0ysn46d7yrDqrPHiwEzpweqOd3xrFONi0IPSb4prrHV5LDDIgiZs_McOnSQ&amp;fref=mentions&amp;__xts__%5B0%5D=68.ARB8D1xVtTK7HgcuZgss3MWaDoAzjDrM5zVEO-voEPpCAH_gAZTdZpGOtUdxx__1VkLnrhh9IxJ5cNmLDLPNhReYlIkVAZ49bnw9DSH3VjegE1DyxvphTZYEaiwqX1pK27IeM0ZEirtKL-celiPSbcekTIOn1wMgKQVh18kbcBqTR-5wvE3CiRAJAcING--4kpFYOGzarK4s7FRYtSzFLL-O_StfyEkyfzxgigT8GVjXphiQFHWV1FJWV90W4tLYvRR6nWEZKMOpKiXiJ5f9iEB7zDkDk7a9pwGNUuh1QxhztFYCMYS1m2bRLftDTC9-3ni2ZANt950t2uQxsDF7D7A\" data-hovercard=\"\/ajax\/hovercard\/page.php?id=737557483045437&amp;extragetparams=%7B%22__tn__%22%3A%22%2CdK-R-R%22%2C%22eid%22%3A%22ARBHL7tpY3cvRpMT6Qz-q0ysn46d7yrDqrPHiwEzpweqOd3xrFONi0IPSb4prrHV5LDDIgiZs_McOnSQ%22%2C%22fref%22%3A%22mentions%22%7D\" data-hovercard-prefer-more-content-show=\"1\">L&rsquo;Annuaire des Tailleurs-couturiers Africains<\/a>, site web qui assure la promotion des tailleurs, couturiers, cr\u00e9ateurs, fabricants d\u2019accessoires Africains et Afro-descendants \u00e0 travers le monde. La plateforme est totalement gratuite et auto-financ\u00e9e :\u00a0<a href=\"https:\/\/l.facebook.com\/l.php?u=https%3A%2F%2Fannuaire-couturiers.fr%2F%3Ffbclid%3DIwAR3fBuZUYWvTbxspUW2TNhrntgvE35BwIFuK5KXmjNRtZnSCVAeBeJFduuc&amp;h=AT1sSbVAfjifFzqfylBNee5elp_D7d5b52DYhh1rtz1WGWHe1NgLywj7B0XSxPucPdhodaKJsgrT-_0GoskM3nl1A6tkiTOB7qhYzkUoGUYHQ91BM01A8VyMprBv8QpM2sRtOGDtiPM3tpshfA1pz90-QeaVMGooMZv5d5AvP9iSFFy04q3jy0hht9e7-VxIUyV5keZe64q-hnFg9qQZ-VUYD5luVjbPM5NMVIq4UTbd6Vyznfn5c0m0My68ah9oWLMQvL0uB9v89tKmvbizQIDV0QXa3ZJv-yzyBXgF9imw48NiuHLEOi7DBtov84VC90jbfCmhGphVHg6vGP41V_RqgCh4PsfhZMwC-_tiQ99BXSXxwjHAqQdnwR5XGm378x3VZT2Ot2CBxJCEj-Ga_9Hu0iDrzTPz6cE29nyyR7Xi-6kS-0g7cdEpwC04S7YYOEbdaIGgycSW-Csx5bLFd_7PJMfACfFgXsxsz_XWq0_DDKNNBW5zNDZeu0tOhVrW_B776MsTDqoLyYJgaD-FdLOMqpKNqs9QvfSdaJC0eMTACgH_75NNtaekE7hKzJ1wKQEit3PnW9e2l4h1XRlpJL-Xxw6xYNdQkuRD6ROpsRkZwsNg1VoE0kixOYHr0xc\" target=\"_blank\" rel=\"noopener nofollow\" data-ft=\"{&quot;tn&quot;:&quot;-U&quot;}\" data-lynx-mode=\"async\">https:\/\/annuaire-couturiers.fr\/<\/a><br \/>\nSokhna, cr\u00e9atrice de bijoux depuis plusieurs ann\u00e9es, \u00e0 la recherche de l\u2019esth\u00e9tique Afro pr\u00e9-coloniale. Met en avant les symboles et l\u2019esth\u00e9tique Africaine et Afro-descendante en employant cauris, cr\u00e9oles, symboles divers des cultures Africaines.<br \/>\nKaolack Cr\u00e9ations ce sont donc deux femmes Africaines, qui cherchent \u00e0 promouvoir le Continent, son artisanat, son \u00e9conomie en pratiquant l\u2019auto-d\u00e9termination positive.<br \/>\nNotre plus grand souhait est que la diaspora comprenne les enjeux \u00e9conomiques qui sont les n\u00f4tres et commence \u00e0 consommer de fa\u00e7on consciente.<\/span><\/p>\n<p><iframe loading=\"lazy\" style=\"display: block; margin-left: auto; margin-right: auto; max-width: 100%;\" src=\"https:\/\/sibforms.com\/serve\/MUIEAMK71k7ugtZ-SaX3PPCKOElb1xNZ7HjW-SD4e1ykgxRA8abTR7wgfkoftnhM5S_bwI72gWF4gZlLIFMXqWzmzrEmJ6xfqjCeMGNKSXpDmPCY7wpfdB73Efn95B9tfHMRhB-S_kpUfk1Qdr7UbdIqMUR2qxuxxmaxp8JZ6kPzTl8Z7qrbIPQKm6YHYqr4vhzh1At2KVpsLWml\" width=\"700\" height=\"305\" frameborder=\"0\" scrolling=\"auto\" allowfullscreen=\"allowfullscreen\"><\/iframe><\/p>\n","protected":false},"excerpt":{"rendered":"<p>L\u2019initiative de l\u2019entreprise Kaolack Cr\u00e9ations s\u2019est prise autour d\u2019une volont\u00e9 farouche de valoriser et r\u00e9habiliter l\u2019artisanat Africain. Nous avons grandi en c\u00f4toyant les tisserands Manjaks au S\u00e9n\u00e9gal et avons d\u00e9couvert que la tradition textile partout en Afrique \u00e9tait extr\u00eamement riche. Du Bogolan au Kent\u00e9 en passant par le Kanv\u00f4, le pagne Baoul\u00e9 et combien d\u2019autres, &#8230; <a title=\"Qui sommes nous?\" class=\"read-more\" href=\"https:\/\/kaolackcreations.com\/index.php\/qui-sommes-nous\/\" aria-label=\"En savoir plus sur Qui sommes nous?\">Lire la suite<\/a><\/p>\n","protected":false},"author":1,"featured_media":128,"parent":0,"menu_order":0,"comment_status":"closed","ping_status":"closed","template":"","meta":{"footnotes":""},"class_list":["post-8","page","type-page","status-publish","has-post-thumbnail"],"yoast_head":"<!-- This site is optimized with the Yoast SEO plugin v27.5 - https:\/\/yoast.com\/product\/yoast-seo-wordpress\/ -->\n<title>Qui sommes nous? - Kaolack Creations<\/title>\n<meta name=\"robots\" content=\"index, follow, max-snippet:-1, max-image-preview:large, max-video-preview:-1\" \/>\n<link rel=\"canonical\" href=\"https:\/\/kaolackcreations.com\/index.php\/qui-sommes-nous\/\" \/>\n<meta property=\"og:locale\" content=\"fr_FR\" \/>\n<meta property=\"og:type\" content=\"article\" \/>\n<meta property=\"og:title\" content=\"Qui sommes nous? - Kaolack Creations\" \/>\n<meta property=\"og:description\" content=\"L\u2019initiative de l\u2019entreprise Kaolack Cr\u00e9ations s\u2019est prise autour d\u2019une volont\u00e9 farouche de valoriser et r\u00e9habiliter l\u2019artisanat Africain. Nous avons grandi en c\u00f4toyant les tisserands Manjaks au S\u00e9n\u00e9gal et avons d\u00e9couvert que la tradition textile partout en Afrique \u00e9tait extr\u00eamement riche. Du Bogolan au Kent\u00e9 en passant par le Kanv\u00f4, le pagne Baoul\u00e9 et combien d\u2019autres, ... Lire la suite\" \/>\n<meta property=\"og:url\" content=\"https:\/\/kaolackcreations.com\/index.php\/qui-sommes-nous\/\" \/>\n<meta property=\"og:site_name\" content=\"Kaolack Creations\" \/>\n<meta property=\"article:publisher\" content=\"https:\/\/www.facebook.com\/Kaolackcreations\/\" \/>\n<meta property=\"article:modified_time\" content=\"2019-11-01T13:35:47+00:00\" \/>\n<meta property=\"og:image\" content=\"https:\/\/kaolackcreations.com\/wp-content\/uploads\/2019\/11\/fondatrices-kaolack-creations.png\" \/>\n\t<meta property=\"og:image:width\" content=\"945\" \/>\n\t<meta property=\"og:image:height\" content=\"756\" \/>\n\t<meta property=\"og:image:type\" content=\"image\/png\" \/>\n<meta name=\"twitter:card\" content=\"summary_large_image\" \/>\n<meta name=\"twitter:label1\" content=\"Dur\u00e9e de lecture estim\u00e9e\" \/>\n\t<meta name=\"twitter:data1\" content=\"2 minutes\" \/>\n<script type=\"application\/ld+json\" class=\"yoast-schema-graph\">{\"@context\":\"https:\\\/\\\/schema.org\",\"@graph\":[{\"@type\":\"WebPage\",\"@id\":\"https:\\\/\\\/kaolackcreations.com\\\/index.php\\\/qui-sommes-nous\\\/\",\"url\":\"https:\\\/\\\/kaolackcreations.com\\\/index.php\\\/qui-sommes-nous\\\/\",\"name\":\"Qui sommes nous? - Kaolack Creations\",\"isPartOf\":{\"@id\":\"https:\\\/\\\/kaolackcreations.com\\\/#website\"},\"primaryImageOfPage\":{\"@id\":\"https:\\\/\\\/kaolackcreations.com\\\/index.php\\\/qui-sommes-nous\\\/#primaryimage\"},\"image\":{\"@id\":\"https:\\\/\\\/kaolackcreations.com\\\/index.php\\\/qui-sommes-nous\\\/#primaryimage\"},\"thumbnailUrl\":\"https:\\\/\\\/kaolackcreations.com\\\/wp-content\\\/uploads\\\/2019\\\/11\\\/fondatrices-kaolack-creations.png\",\"datePublished\":\"2018-12-27T13:04:43+00:00\",\"dateModified\":\"2019-11-01T13:35:47+00:00\",\"breadcrumb\":{\"@id\":\"https:\\\/\\\/kaolackcreations.com\\\/index.php\\\/qui-sommes-nous\\\/#breadcrumb\"},\"inLanguage\":\"fr-FR\",\"potentialAction\":[{\"@type\":\"ReadAction\",\"target\":[\"https:\\\/\\\/kaolackcreations.com\\\/index.php\\\/qui-sommes-nous\\\/\"]}]},{\"@type\":\"ImageObject\",\"inLanguage\":\"fr-FR\",\"@id\":\"https:\\\/\\\/kaolackcreations.com\\\/index.php\\\/qui-sommes-nous\\\/#primaryimage\",\"url\":\"https:\\\/\\\/kaolackcreations.com\\\/wp-content\\\/uploads\\\/2019\\\/11\\\/fondatrices-kaolack-creations.png\",\"contentUrl\":\"https:\\\/\\\/kaolackcreations.com\\\/wp-content\\\/uploads\\\/2019\\\/11\\\/fondatrices-kaolack-creations.png\",\"width\":945,\"height\":756},{\"@type\":\"BreadcrumbList\",\"@id\":\"https:\\\/\\\/kaolackcreations.com\\\/index.php\\\/qui-sommes-nous\\\/#breadcrumb\",\"itemListElement\":[{\"@type\":\"ListItem\",\"position\":1,\"name\":\"Accueil\",\"item\":\"https:\\\/\\\/kaolackcreations.com\\\/\"},{\"@type\":\"ListItem\",\"position\":2,\"name\":\"Qui sommes nous?\"}]},{\"@type\":\"WebSite\",\"@id\":\"https:\\\/\\\/kaolackcreations.com\\\/#website\",\"url\":\"https:\\\/\\\/kaolackcreations.com\\\/\",\"name\":\"Kaolack Creations\",\"description\":\"Mode &amp; Artisanat africain \u2013 Authentique, \u00e9thique, contemporain)\",\"publisher\":{\"@id\":\"https:\\\/\\\/kaolackcreations.com\\\/#organization\"},\"potentialAction\":[{\"@type\":\"SearchAction\",\"target\":{\"@type\":\"EntryPoint\",\"urlTemplate\":\"https:\\\/\\\/kaolackcreations.com\\\/?s={search_term_string}\"},\"query-input\":{\"@type\":\"PropertyValueSpecification\",\"valueRequired\":true,\"valueName\":\"search_term_string\"}}],\"inLanguage\":\"fr-FR\"},{\"@type\":\"Organization\",\"@id\":\"https:\\\/\\\/kaolackcreations.com\\\/#organization\",\"name\":\"Kaolack Creations\",\"url\":\"https:\\\/\\\/kaolackcreations.com\\\/\",\"logo\":{\"@type\":\"ImageObject\",\"inLanguage\":\"fr-FR\",\"@id\":\"https:\\\/\\\/kaolackcreations.com\\\/#\\\/schema\\\/logo\\\/image\\\/\",\"url\":\"https:\\\/\\\/kaolackcreations.com\\\/wp-content\\\/uploads\\\/2025\\\/09\\\/cropped-LOGO-KC-FOND-TRANSPARENT.png\",\"contentUrl\":\"https:\\\/\\\/kaolackcreations.com\\\/wp-content\\\/uploads\\\/2025\\\/09\\\/cropped-LOGO-KC-FOND-TRANSPARENT.png\",\"width\":799,\"height\":799,\"caption\":\"Kaolack Creations\"},\"image\":{\"@id\":\"https:\\\/\\\/kaolackcreations.com\\\/#\\\/schema\\\/logo\\\/image\\\/\"},\"sameAs\":[\"https:\\\/\\\/www.facebook.com\\\/Kaolackcreations\\\/\",\"https:\\\/\\\/www.tiktok.com\\\/@kaolackcreations\",\"https:\\\/\\\/www.instagram.com\\\/kaolackcreations\\\/\"]}]}<\/script>\n<!-- \/ Yoast SEO plugin. -->","yoast_head_json":{"title":"Qui sommes nous? - Kaolack Creations","robots":{"index":"index","follow":"follow","max-snippet":"max-snippet:-1","max-image-preview":"max-image-preview:large","max-video-preview":"max-video-preview:-1"},"canonical":"https:\/\/kaolackcreations.com\/index.php\/qui-sommes-nous\/","og_locale":"fr_FR","og_type":"article","og_title":"Qui sommes nous? - Kaolack Creations","og_description":"L\u2019initiative de l\u2019entreprise Kaolack Cr\u00e9ations s\u2019est prise autour d\u2019une volont\u00e9 farouche de valoriser et r\u00e9habiliter l\u2019artisanat Africain. Nous avons grandi en c\u00f4toyant les tisserands Manjaks au S\u00e9n\u00e9gal et avons d\u00e9couvert que la tradition textile partout en Afrique \u00e9tait extr\u00eamement riche. Du Bogolan au Kent\u00e9 en passant par le Kanv\u00f4, le pagne Baoul\u00e9 et combien d\u2019autres, ... Lire la suite","og_url":"https:\/\/kaolackcreations.com\/index.php\/qui-sommes-nous\/","og_site_name":"Kaolack Creations","article_publisher":"https:\/\/www.facebook.com\/Kaolackcreations\/","article_modified_time":"2019-11-01T13:35:47+00:00","og_image":[{"width":945,"height":756,"url":"https:\/\/kaolackcreations.com\/wp-content\/uploads\/2019\/11\/fondatrices-kaolack-creations.png","type":"image\/png"}],"twitter_card":"summary_large_image","twitter_misc":{"Dur\u00e9e de lecture estim\u00e9e":"2 minutes"},"schema":{"@context":"https:\/\/schema.org","@graph":[{"@type":"WebPage","@id":"https:\/\/kaolackcreations.com\/index.php\/qui-sommes-nous\/","url":"https:\/\/kaolackcreations.com\/index.php\/qui-sommes-nous\/","name":"Qui sommes nous? - Kaolack Creations","isPartOf":{"@id":"https:\/\/kaolackcreations.com\/#website"},"primaryImageOfPage":{"@id":"https:\/\/kaolackcreations.com\/index.php\/qui-sommes-nous\/#primaryimage"},"image":{"@id":"https:\/\/kaolackcreations.com\/index.php\/qui-sommes-nous\/#primaryimage"},"thumbnailUrl":"https:\/\/kaolackcreations.com\/wp-content\/uploads\/2019\/11\/fondatrices-kaolack-creations.png","datePublished":"2018-12-27T13:04:43+00:00","dateModified":"2019-11-01T13:35:47+00:00","breadcrumb":{"@id":"https:\/\/kaolackcreations.com\/index.php\/qui-sommes-nous\/#breadcrumb"},"inLanguage":"fr-FR","potentialAction":[{"@type":"ReadAction","target":["https:\/\/kaolackcreations.com\/index.php\/qui-sommes-nous\/"]}]},{"@type":"ImageObject","inLanguage":"fr-FR","@id":"https:\/\/kaolackcreations.com\/index.php\/qui-sommes-nous\/#primaryimage","url":"https:\/\/kaolackcreations.com\/wp-content\/uploads\/2019\/11\/fondatrices-kaolack-creations.png","contentUrl":"https:\/\/kaolackcreations.com\/wp-content\/uploads\/2019\/11\/fondatrices-kaolack-creations.png","width":945,"height":756},{"@type":"BreadcrumbList","@id":"https:\/\/kaolackcreations.com\/index.php\/qui-sommes-nous\/#breadcrumb","itemListElement":[{"@type":"ListItem","position":1,"name":"Accueil","item":"https:\/\/kaolackcreations.com\/"},{"@type":"ListItem","position":2,"name":"Qui sommes nous?"}]},{"@type":"WebSite","@id":"https:\/\/kaolackcreations.com\/#website","url":"https:\/\/kaolackcreations.com\/","name":"Kaolack Creations","description":"Mode &amp; Artisanat africain \u2013 Authentique, \u00e9thique, contemporain)","publisher":{"@id":"https:\/\/kaolackcreations.com\/#organization"},"potentialAction":[{"@type":"SearchAction","target":{"@type":"EntryPoint","urlTemplate":"https:\/\/kaolackcreations.com\/?s={search_term_string}"},"query-input":{"@type":"PropertyValueSpecification","valueRequired":true,"valueName":"search_term_string"}}],"inLanguage":"fr-FR"},{"@type":"Organization","@id":"https:\/\/kaolackcreations.com\/#organization","name":"Kaolack Creations","url":"https:\/\/kaolackcreations.com\/","logo":{"@type":"ImageObject","inLanguage":"fr-FR","@id":"https:\/\/kaolackcreations.com\/#\/schema\/logo\/image\/","url":"https:\/\/kaolackcreations.com\/wp-content\/uploads\/2025\/09\/cropped-LOGO-KC-FOND-TRANSPARENT.png","contentUrl":"https:\/\/kaolackcreations.com\/wp-content\/uploads\/2025\/09\/cropped-LOGO-KC-FOND-TRANSPARENT.png","width":799,"height":799,"caption":"Kaolack Creations"},"image":{"@id":"https:\/\/kaolackcreations.com\/#\/schema\/logo\/image\/"},"sameAs":["https:\/\/www.facebook.com\/Kaolackcreations\/","https:\/\/www.tiktok.com\/@kaolackcreations","https:\/\/www.instagram.com\/kaolackcreations\/"]}]}},"_links":{"self":[{"href":"https:\/\/kaolackcreations.com\/index.php\/wp-json\/wp\/v2\/pages\/8","targetHints":{"allow":["GET"]}}],"collection":[{"href":"https:\/\/kaolackcreations.com\/index.php\/wp-json\/wp\/v2\/pages"}],"about":[{"href":"https:\/\/kaolackcreations.com\/index.php\/wp-json\/wp\/v2\/types\/page"}],"author":[{"embeddable":true,"href":"https:\/\/kaolackcreations.com\/index.php\/wp-json\/wp\/v2\/users\/1"}],"replies":[{"embeddable":true,"href":"https:\/\/kaolackcreations.com\/index.php\/wp-json\/wp\/v2\/comments?post=8"}],"version-history":[{"count":5,"href":"https:\/\/kaolackcreations.com\/index.php\/wp-json\/wp\/v2\/pages\/8\/revisions"}],"predecessor-version":[{"id":360,"href":"https:\/\/kaolackcreations.com\/index.php\/wp-json\/wp\/v2\/pages\/8\/revisions\/360"}],"wp:featuredmedia":[{"embeddable":true,"href":"https:\/\/kaolackcreations.com\/index.php\/wp-json\/wp\/v2\/media\/128"}],"wp:attachment":[{"href":"https:\/\/kaolackcreations.com\/index.php\/wp-json\/wp\/v2\/media?parent=8"}],"curies":[{"name":"wp","href":"https:\/\/api.w.org\/{rel}","templated":true}]}}